{"id":1795,"date":"2022-08-23T11:53:11","date_gmt":"2022-08-23T11:53:11","guid":{"rendered":"https:\/\/intangible-project.eu\/?page_id=1795"},"modified":"2024-05-16T11:00:13","modified_gmt":"2024-05-16T11:00:13","slug":"rezultati","status":"publish","type":"page","link":"https:\/\/intangible-project.eu\/?page_id=1795&lang=hr","title":{"rendered":"Rezultati"},"content":{"rendered":"\t\t<div data-elementor-type=\"wp-page\" data-elementor-id=\"1795\" class=\"elementor elementor-1795\" data-elementor-settings=\"{&quot;ha_cmc_init_switcher&quot;:&quot;no&quot;}\">\n\t\t\t\t\t\t<section class=\"elementor-section elementor-top-section elementor-element elementor-element-227d420 elementor-section-boxed elementor-section-height-default elementor-section-height-default\" data-id=\"227d420\" data-element_type=\"section\" data-e-type=\"section\" data-settings=\"{&quot;background_background&quot;:&quot;classic&quot;,&quot;_ha_eqh_enable&quot;:false}\">\n\t\t\t\t\t\t\t<div class=\"elementor-background-overlay\"><\/div>\n\t\t\t\t\t\t\t<div class=\"elementor-container elementor-column-gap-default\">\n\t\t\t\t\t<div class=\"elementor-column elementor-col-100 elementor-top-column elementor-element elementor-element-506d693\" data-id=\"506d693\" data-element_type=\"column\" data-e-type=\"column\" data-settings=\"{&quot;background_background&quot;:&quot;classic&quot;}\">\n\t\t\t<div class=\"elementor-widget-wrap elementor-element-populated\">\n\t\t\t\t\t\t<div class=\"elementor-element elementor-element-1e59e86 elementor-widget elementor-widget-spacer\" data-id=\"1e59e86\" data-element_type=\"widget\" data-e-type=\"widget\" data-widget_type=\"spacer.default\">\n\t\t\t\t<div class=\"elementor-widget-container\">\n\t\t\t\t\t\t\t<div class=\"elementor-spacer\">\n\t\t\t<div class=\"elementor-spacer-inner\"><\/div>\n\t\t<\/div>\n\t\t\t\t\t\t<\/div>\n\t\t\t\t<\/div>\n\t\t\t\t<div class=\"elementor-element elementor-element-4ea7e7d elementor-widget elementor-widget-heading\" data-id=\"4ea7e7d\" data-element_type=\"widget\" data-e-type=\"widget\" data-widget_type=\"heading.default\">\n\t\t\t\t<div class=\"elementor-widget-container\">\n\t\t\t\t\t<h2 class=\"elementor-heading-title elementor-size-default\">Rezultati projekta<\/h2>\t\t\t\t<\/div>\n\t\t\t\t<\/div>\n\t\t\t\t<div class=\"elementor-element elementor-element-e2b7062 elementor-widget elementor-widget-spacer\" data-id=\"e2b7062\" data-element_type=\"widget\" data-e-type=\"widget\" data-widget_type=\"spacer.default\">\n\t\t\t\t<div class=\"elementor-widget-container\">\n\t\t\t\t\t\t\t<div class=\"elementor-spacer\">\n\t\t\t<div class=\"elementor-spacer-inner\"><\/div>\n\t\t<\/div>\n\t\t\t\t\t\t<\/div>\n\t\t\t\t<\/div>\n\t\t\t\t<section class=\"elementor-section elementor-inner-section elementor-element elementor-element-3eb32fc elementor-section-boxed elementor-section-height-default elementor-section-height-default\" data-id=\"3eb32fc\" data-element_type=\"section\" data-e-type=\"section\" data-settings=\"{&quot;_ha_eqh_enable&quot;:false}\">\n\t\t\t\t\t\t<div class=\"elementor-container elementor-column-gap-default\">\n\t\t\t\t\t<div class=\"elementor-column elementor-col-33 elementor-inner-column elementor-element elementor-element-c3a106b\" data-id=\"c3a106b\" data-element_type=\"column\" data-e-type=\"column\">\n\t\t\t<div class=\"elementor-widget-wrap elementor-element-populated\">\n\t\t\t\t\t\t<div class=\"elementor-element elementor-element-c4c7068 premium-banner-responsive-yes ha-has-bg-overlay elementor-widget elementor-widget-premium-addon-banner\" data-id=\"c4c7068\" data-element_type=\"widget\" data-e-type=\"widget\" data-widget_type=\"premium-addon-banner.default\">\n\t\t\t\t<div class=\"elementor-widget-container\">\n\t\t\t\t\t\t\t<div class=\"premium-banner-ib premium-banner-min-height premium-banner-animation10 blur premium-banner__effect-type2\">\r\n\t\t\t\t\t\t\t\t\t\t<img fetchpriority=\"high\" decoding=\"async\" width=\"768\" height=\"545\" src=\"https:\/\/intangible-project.eu\/wp-content\/uploads\/2022\/08\/kaoj-768x545.jpg\" class=\"attachment-medium_large size-medium_large wp-image-1709\" alt=\"\" srcset=\"https:\/\/intangible-project.eu\/wp-content\/uploads\/2022\/08\/kaoj-768x545.jpg 768w, https:\/\/intangible-project.eu\/wp-content\/uploads\/2022\/08\/kaoj-300x213.jpg 300w, https:\/\/intangible-project.eu\/wp-content\/uploads\/2022\/08\/kaoj-1024x726.jpg 1024w, https:\/\/intangible-project.eu\/wp-content\/uploads\/2022\/08\/kaoj-1536x1090.jpg 1536w, https:\/\/intangible-project.eu\/wp-content\/uploads\/2022\/08\/kaoj-2048x1453.jpg 2048w, https:\/\/intangible-project.eu\/wp-content\/uploads\/2022\/08\/kaoj-720x511.jpg 720w\" sizes=\"(max-width: 768px) 100vw, 768px\" \/>\t\t\t\t\t\t\t\t\t<div class=\"premium-banner-ib-desc\">\r\n\t\t\t\t\r\n\t\t\t\t\t\t\t\t\t<h3 class=\"premium-banner-ib-title premium_banner_title\">\r\n\t\t\t\t\t\tPR1 - iNTANGIBLE ured i terenska istra\u017eivanja\t\t\t\t\t<\/h3>\r\n\t\t\t\t\r\n\t\t\t\t\t\t\t\t\t<div class=\"premium-banner-ib-content premium_banner_content\">\r\n\t\t\t\t\t\t<p>Prvi rezultat projekta bit \u0107e rezultat terenskog i uredskog istra\u017eivanja koje \u0107e dati podatke koji su proiza\u0161li iz istra\u017eivanja postoje\u0107ih metoda i okvira digitalizacije nematerijalne kulturne ba\u0161tine i upitnika s lokalnim javnim akterima, vlastima i gra\u0111anima, te kancelarijskog istra\u017eivanja, \u0161to \u0107e rezultirati identifikacija najboljih me\u0111unarodnih praksi digitalizacije nematerijalne kulturne ba\u0161tine. Cilj je identificirati specifi\u010dne nedostatke u u\u010denju i potrebe kulturnih djelatnika i stru\u010dnjaka za nematerijalnu kulturnu ba\u0161tinu u pogledu njihovih digitalnih vje\u0161tina i razvoja kompetencija o digitalizaciji istih i inovativnim praksama, posebno kao odgovor na nedavni digitalni pomak uzrokovan COVID-19.<\/p>\t\t\t\t\t<\/div>\r\n\t\t\t\t\r\n\t\t\t\t\t\t\t\t\t<div class=\"premium-banner-read-more\">\r\n\t\t\t\t\t\t<a href=\"https:\/\/intangible-project.eu\/wp-content\/uploads\/2024\/01\/State-of-the-Art-Report-Synthesis_Croatian-version.pdf\" class=\"premium-banner-link premium-button-none \" data-text=\"Sinteti\u010dko izvje\u0161\u0107e o stanju Na razini zemalja projekta\">\r\n\t\t\t\t\t\t\t<div class=\"premium-button-text-icon-wrapper\">\r\n\t\t\t\t\t\t\t\t<span>Sinteti\u010dko izvje\u0161\u0107e o stanju Na razini zemalja projekta<\/span>\r\n\t\t\t\t\t\t\t<\/div>\r\n\r\n\t\t\t\t\t\t\t\r\n\t\t\t\t\t\t\t\r\n\t\t\t\t\t\t<\/a>\r\n\t\t\t\t\t<\/div>\r\n\t\t\t\t\r\n\t\t\t\t\t\t\t<\/div>\r\n\t\t\t\t\t<\/div>\r\n\r\n\t\t\t\t\t\t<\/div>\n\t\t\t\t<\/div>\n\t\t\t\t\t<\/div>\n\t\t<\/div>\n\t\t\t\t<div class=\"elementor-column elementor-col-33 elementor-inner-column elementor-element elementor-element-22e6e6c\" data-id=\"22e6e6c\" data-element_type=\"column\" data-e-type=\"column\">\n\t\t\t<div class=\"elementor-widget-wrap\">\n\t\t\t\t\t\t\t<\/div>\n\t\t<\/div>\n\t\t\t\t<div class=\"elementor-column elementor-col-33 elementor-inner-column elementor-element elementor-element-df97a66\" data-id=\"df97a66\" data-element_type=\"column\" data-e-type=\"column\">\n\t\t\t<div class=\"elementor-widget-wrap elementor-element-populated\">\n\t\t\t\t\t\t<div class=\"elementor-element elementor-element-685a866 premium-banner-responsive-yes ha-has-bg-overlay elementor-widget elementor-widget-premium-addon-banner\" data-id=\"685a866\" data-element_type=\"widget\" data-e-type=\"widget\" data-widget_type=\"premium-addon-banner.default\">\n\t\t\t\t<div class=\"elementor-widget-container\">\n\t\t\t\t\t\t\t<div class=\"premium-banner-ib premium-banner-min-height premium-banner-animation1 blur premium-banner__effect-type2\">\r\n\t\t\t\t\t\t\t\t\t\t<img decoding=\"async\" width=\"2560\" height=\"1707\" src=\"https:\/\/intangible-project.eu\/wp-content\/uploads\/2022\/08\/leone-venter-VieM9BdZKFo-unsplash-1-scaled.jpg\" class=\"attachment-full size-full wp-image-1600\" alt=\"\" srcset=\"https:\/\/intangible-project.eu\/wp-content\/uploads\/2022\/08\/leone-venter-VieM9BdZKFo-unsplash-1-scaled.jpg 2560w, https:\/\/intangible-project.eu\/wp-content\/uploads\/2022\/08\/leone-venter-VieM9BdZKFo-unsplash-1-300x200.jpg 300w, https:\/\/intangible-project.eu\/wp-content\/uploads\/2022\/08\/leone-venter-VieM9BdZKFo-unsplash-1-1024x683.jpg 1024w, https:\/\/intangible-project.eu\/wp-content\/uploads\/2022\/08\/leone-venter-VieM9BdZKFo-unsplash-1-768x512.jpg 768w, https:\/\/intangible-project.eu\/wp-content\/uploads\/2022\/08\/leone-venter-VieM9BdZKFo-unsplash-1-1536x1024.jpg 1536w, https:\/\/intangible-project.eu\/wp-content\/uploads\/2022\/08\/leone-venter-VieM9BdZKFo-unsplash-1-2048x1366.jpg 2048w, https:\/\/intangible-project.eu\/wp-content\/uploads\/2022\/08\/leone-venter-VieM9BdZKFo-unsplash-1-720x480.jpg 720w\" sizes=\"(max-width: 2560px) 100vw, 2560px\" \/>\t\t\t\t\t\t\t\t\t<div class=\"premium-banner-ib-desc\">\r\n\t\t\t\t\r\n\t\t\t\t\t\t\t\t\t<h3 class=\"premium-banner-ib-title premium_banner_title\">\r\n\t\t\t\t\t\tPR2 - iNTANGIBLE Trening kurikulum i priru\u010dnik za profesionalce\t\t\t\t\t<\/h3>\r\n\t\t\t\t\r\n\t\t\t\t\t\t\t\t\t<div class=\"premium-banner-ib-content premium_banner_content\">\r\n\t\t\t\t\t\t<p>Budu\u0107i da se objekt vrlo nematerijalne kulturne ba\u0161tine (ICH) sastoji od<br \/>raznih komponenti koje uklju\u010duju tekstove, audio, fotografije, video zapise i druge primitivne medijske oblike, ne \u010dudi potreba za posebnim pravilima i zahtjevima za njihovo o\u010duvanje. Kurikulum i priru\u010dnik za te\u010dajeve iNTANGIBLE za profesionalce imat \u0107e oblik inovativnog i sveobuhvatnog vodi\u010da, s jedinom svrhom razumijevanja i provedbe digitalizacije nematerijalne kulturne ba\u0161tine. Rezultati i materijali razvijeni u prethodnom rezultatu projekta poslu\u017eit \u0107e kao temeljna osnova za razvoj materijala\/modula za obuku, koji \u0107e biti stvarno tijelo kurikuluma treninga.<\/p>\t\t\t\t\t<\/div>\r\n\t\t\t\t\r\n\t\t\t\t\r\n\t\t\t\t\t\t\t<\/div>\r\n\t\t\t\t\t<\/div>\r\n\r\n\t\t\t\t\t\t<\/div>\n\t\t\t\t<\/div>\n\t\t\t\t\t<\/div>\n\t\t<\/div>\n\t\t\t\t\t<\/div>\n\t\t<\/section>\n\t\t\t\t<section class=\"elementor-section elementor-inner-section elementor-element elementor-element-13c6f67 elementor-section-boxed elementor-section-height-default elementor-section-height-default\" data-id=\"13c6f67\" data-element_type=\"section\" data-e-type=\"section\" data-settings=\"{&quot;_ha_eqh_enable&quot;:false}\">\n\t\t\t\t\t\t<div class=\"elementor-container elementor-column-gap-default\">\n\t\t\t\t\t<div class=\"elementor-column elementor-col-33 elementor-inner-column elementor-element elementor-element-06d5053\" data-id=\"06d5053\" data-element_type=\"column\" data-e-type=\"column\">\n\t\t\t<div class=\"elementor-widget-wrap\">\n\t\t\t\t\t\t\t<\/div>\n\t\t<\/div>\n\t\t\t\t<div class=\"elementor-column elementor-col-33 elementor-inner-column elementor-element elementor-element-07418fd\" data-id=\"07418fd\" data-element_type=\"column\" data-e-type=\"column\">\n\t\t\t<div class=\"elementor-widget-wrap elementor-element-populated\">\n\t\t\t\t\t\t<div class=\"elementor-element elementor-element-040d75f elementor-widget elementor-widget-spacer\" data-id=\"040d75f\" data-element_type=\"widget\" data-e-type=\"widget\" data-widget_type=\"spacer.default\">\n\t\t\t\t<div class=\"elementor-widget-container\">\n\t\t\t\t\t\t\t<div class=\"elementor-spacer\">\n\t\t\t<div class=\"elementor-spacer-inner\"><\/div>\n\t\t<\/div>\n\t\t\t\t\t\t<\/div>\n\t\t\t\t<\/div>\n\t\t\t\t<div class=\"elementor-element elementor-element-a24e380 premium-banner-responsive-yes ha-has-bg-overlay elementor-widget elementor-widget-premium-addon-banner\" data-id=\"a24e380\" data-element_type=\"widget\" data-e-type=\"widget\" data-widget_type=\"premium-addon-banner.default\">\n\t\t\t\t<div class=\"elementor-widget-container\">\n\t\t\t\t\t\t\t<div class=\"premium-banner-ib premium-banner-min-height premium-banner-animation1 blur premium-banner__effect-type2\">\r\n\t\t\t\t\t\t\t\t\t\t<img decoding=\"async\" width=\"1024\" height=\"683\" src=\"https:\/\/intangible-project.eu\/wp-content\/uploads\/2022\/08\/pexels-karolina-grabowska-5726029-1024x683.jpg\" class=\"attachment-large size-large wp-image-1605\" alt=\"\" srcset=\"https:\/\/intangible-project.eu\/wp-content\/uploads\/2022\/08\/pexels-karolina-grabowska-5726029-1024x683.jpg 1024w, https:\/\/intangible-project.eu\/wp-content\/uploads\/2022\/08\/pexels-karolina-grabowska-5726029-300x200.jpg 300w, https:\/\/intangible-project.eu\/wp-content\/uploads\/2022\/08\/pexels-karolina-grabowska-5726029-768x512.jpg 768w, https:\/\/intangible-project.eu\/wp-content\/uploads\/2022\/08\/pexels-karolina-grabowska-5726029-1536x1024.jpg 1536w, https:\/\/intangible-project.eu\/wp-content\/uploads\/2022\/08\/pexels-karolina-grabowska-5726029-2048x1365.jpg 2048w, https:\/\/intangible-project.eu\/wp-content\/uploads\/2022\/08\/pexels-karolina-grabowska-5726029-720x480.jpg 720w\" sizes=\"(max-width: 1024px) 100vw, 1024px\" \/>\t\t\t\t\t\t\t\t\t<div class=\"premium-banner-ib-desc\">\r\n\t\t\t\t\r\n\t\t\t\t\t\t\t\t\t<h4 class=\"premium-banner-ib-title premium_banner_title\">\r\n\t\t\t\t\t\tPR3 - iNTANGIBLE e-learning platforma i digitalna mapa\t\t\t\t\t<\/h4>\r\n\t\t\t\t\r\n\t\t\t\t\t\t\t\t\t<div class=\"premium-banner-ib-content premium_banner_content\">\r\n\t\t\t\t\t\t<p>Platforma za e-u\u010denje i digitalna karta bit \u0107e virtualni prostor posve\u0107en rezultatima projekta iNTANGIBLE, te\u010daju obuke i ujedno \u0107e ugostiti mapu digitalne arhive koja \u0107e se razvijati.<\/p><p>Uloga i svrha platforme za e-u\u010denje iNTANGIBLE je binarna, prije svega predstaviti proizvedene materijale za obuku, \u010dine\u0107i ih dostupnim svim zainteresiranim stranama, a drugo, ugostiti interaktivnu digitalnu kartu, koja \u0107e ucrtati razli\u010dite zemlje u materijalna i nematerijalna kulturna dobra u lokalnim sredinama diljem svijeta.<\/p><p>Funkcionalnost digitalne karte zajednice je pru\u017eiti korisnicima koji posje\u0107uju mogu\u0107nost mapiranja ICH-a kroz inovativni digitalni medij, a time i poslu\u017eiti kao primjer digitalizacije, o\u010duvanja i pristupa\u010dnosti ICH-a.<\/p>\t\t\t\t\t<\/div>\r\n\t\t\t\t\r\n\t\t\t\t\r\n\t\t\t\t\t\t\t<\/div>\r\n\t\t\t\t\t<\/div>\r\n\r\n\t\t\t\t\t\t<\/div>\n\t\t\t\t<\/div>\n\t\t\t\t<div class=\"elementor-element elementor-element-a19ad05 elementor-widget elementor-widget-spacer\" data-id=\"a19ad05\" data-element_type=\"widget\" data-e-type=\"widget\" data-widget_type=\"spacer.default\">\n\t\t\t\t<div class=\"elementor-widget-container\">\n\t\t\t\t\t\t\t<div class=\"elementor-spacer\">\n\t\t\t<div class=\"elementor-spacer-inner\"><\/div>\n\t\t<\/div>\n\t\t\t\t\t\t<\/div>\n\t\t\t\t<\/div>\n\t\t\t\t\t<\/div>\n\t\t<\/div>\n\t\t\t\t<div class=\"elementor-column elementor-col-33 elementor-inner-column elementor-element elementor-element-01de1bb\" data-id=\"01de1bb\" data-element_type=\"column\" data-e-type=\"column\">\n\t\t\t<div class=\"elementor-widget-wrap\">\n\t\t\t\t\t\t\t<\/div>\n\t\t<\/div>\n\t\t\t\t\t<\/div>\n\t\t<\/section>\n\t\t\t\t\t<\/div>\n\t\t<\/div>\n\t\t\t\t\t<\/div>\n\t\t<\/section>\n\t\t\t\t<section class=\"elementor-section elementor-top-section elementor-element elementor-element-9d15f33 elementor-section-boxed elementor-section-height-default elementor-section-height-default\" data-id=\"9d15f33\" data-element_type=\"section\" data-e-type=\"section\" data-settings=\"{&quot;_ha_eqh_enable&quot;:false}\">\n\t\t\t\t\t\t<div class=\"elementor-container elementor-column-gap-default\">\n\t\t\t\t\t<div class=\"elementor-column elementor-col-33 elementor-top-column elementor-element elementor-element-d6b2981\" data-id=\"d6b2981\" data-element_type=\"column\" data-e-type=\"column\">\n\t\t\t<div class=\"elementor-widget-wrap elementor-element-populated\">\n\t\t\t\t\t\t<div class=\"elementor-element elementor-element-d79013c elementor-widget elementor-widget-spacer\" data-id=\"d79013c\" data-element_type=\"widget\" data-e-type=\"widget\" data-widget_type=\"spacer.default\">\n\t\t\t\t<div class=\"elementor-widget-container\">\n\t\t\t\t\t\t\t<div class=\"elementor-spacer\">\n\t\t\t<div class=\"elementor-spacer-inner\"><\/div>\n\t\t<\/div>\n\t\t\t\t\t\t<\/div>\n\t\t\t\t<\/div>\n\t\t\t\t<div class=\"elementor-element elementor-element-c13b411 elementor-widget elementor-widget-image\" data-id=\"c13b411\" data-element_type=\"widget\" data-e-type=\"widget\" data-widget_type=\"image.default\">\n\t\t\t\t<div class=\"elementor-widget-container\">\n\t\t\t\t\t\t\t\t\t\t\t\t\t\t\t<img loading=\"lazy\" decoding=\"async\" width=\"300\" height=\"63\" src=\"https:\/\/intangible-project.eu\/wp-content\/uploads\/2022\/06\/EN_Co-funded_by_the_EU_PANTONE__1_-removebg-preview-1024x215-1-300x63.png\" class=\"attachment-medium size-medium wp-image-179\" alt=\"\" srcset=\"https:\/\/intangible-project.eu\/wp-content\/uploads\/2022\/06\/EN_Co-funded_by_the_EU_PANTONE__1_-removebg-preview-1024x215-1-300x63.png 300w, https:\/\/intangible-project.eu\/wp-content\/uploads\/2022\/06\/EN_Co-funded_by_the_EU_PANTONE__1_-removebg-preview-1024x215-1-768x161.png 768w, https:\/\/intangible-project.eu\/wp-content\/uploads\/2022\/06\/EN_Co-funded_by_the_EU_PANTONE__1_-removebg-preview-1024x215-1-720x151.png 720w, https:\/\/intangible-project.eu\/wp-content\/uploads\/2022\/06\/EN_Co-funded_by_the_EU_PANTONE__1_-removebg-preview-1024x215-1.png 1024w\" sizes=\"(max-width: 300px) 100vw, 300px\" \/>\t\t\t\t\t\t\t\t\t\t\t\t\t\t\t<\/div>\n\t\t\t\t<\/div>\n\t\t\t\t<div class=\"elementor-element elementor-element-21beed1 elementor-widget elementor-widget-text-editor\" data-id=\"21beed1\" data-element_type=\"widget\" data-e-type=\"widget\" data-widget_type=\"text-editor.default\">\n\t\t\t\t<div class=\"elementor-widget-container\">\n\t\t\t\t\t\t\t\t\t<p>Financirano sredstvima Europske unije. Izneseni stavovi i mi\u0161ljenja su stavovi i mi\u0161ljenja autora i ne moraju se podudarati sa stavovima i mi\u0161ljenjima Europske unije ili Europske izvr\u0161ne agencije za obrazovanje i kulturu (EACEA). Ni Europska unija ni EACEA ne mogu se smatrati odgovornima za njih. 2021-1-RO01-KA220-VET-000034794<\/p>\t\t\t\t\t\t\t\t<\/div>\n\t\t\t\t<\/div>\n\t\t\t\t\t<\/div>\n\t\t<\/div>\n\t\t\t\t<div class=\"elementor-column elementor-col-33 elementor-top-column elementor-element elementor-element-018fa29\" data-id=\"018fa29\" data-element_type=\"column\" data-e-type=\"column\">\n\t\t\t<div class=\"elementor-widget-wrap\">\n\t\t\t\t\t\t\t<\/div>\n\t\t<\/div>\n\t\t\t\t<div class=\"elementor-column elementor-col-33 elementor-top-column elementor-element elementor-element-c316562\" data-id=\"c316562\" data-element_type=\"column\" data-e-type=\"column\">\n\t\t\t<div class=\"elementor-widget-wrap elementor-element-populated\">\n\t\t\t\t\t\t<div class=\"elementor-element elementor-element-b161134 elementor-widget elementor-widget-spacer\" data-id=\"b161134\" data-element_type=\"widget\" data-e-type=\"widget\" data-widget_type=\"spacer.default\">\n\t\t\t\t<div class=\"elementor-widget-container\">\n\t\t\t\t\t\t\t<div class=\"elementor-spacer\">\n\t\t\t<div class=\"elementor-spacer-inner\"><\/div>\n\t\t<\/div>\n\t\t\t\t\t\t<\/div>\n\t\t\t\t<\/div>\n\t\t\t\t<div class=\"elementor-element elementor-element-fc7ab6a elementor-widget elementor-widget-image\" data-id=\"fc7ab6a\" data-element_type=\"widget\" data-e-type=\"widget\" data-widget_type=\"image.default\">\n\t\t\t\t<div class=\"elementor-widget-container\">\n\t\t\t\t\t\t\t\t\t\t\t\t\t\t\t<img loading=\"lazy\" decoding=\"async\" width=\"133\" height=\"45\" src=\"https:\/\/intangible-project.eu\/wp-content\/uploads\/2022\/06\/TEST4-1.png\" class=\"attachment-medium size-medium wp-image-679\" alt=\"\" \/>\t\t\t\t\t\t\t\t\t\t\t\t\t\t\t<\/div>\n\t\t\t\t<\/div>\n\t\t\t\t<div class=\"elementor-element elementor-element-6e4e8a1 elementor-widget elementor-widget-text-editor\" data-id=\"6e4e8a1\" data-element_type=\"widget\" data-e-type=\"widget\" data-widget_type=\"text-editor.default\">\n\t\t\t\t<div class=\"elementor-widget-container\">\n\t\t\t\t\t\t\t\t\t<a style=\"color: black;\" href=\"https:\/\/intangible-project.eu\/?page_id=187\" rel=\"noopener\">Terms of Use<\/a>\t\t\t\t\t\t\t\t<\/div>\n\t\t\t\t<\/div>\n\t\t\t\t<div class=\"elementor-element elementor-element-d4b0f50 elementor-shape-circle e-grid-align-right elementor-grid-0 elementor-widget elementor-widget-social-icons\" data-id=\"d4b0f50\" data-element_type=\"widget\" data-e-type=\"widget\" data-widget_type=\"social-icons.default\">\n\t\t\t\t<div class=\"elementor-widget-container\">\n\t\t\t\t\t\t\t<div class=\"elementor-social-icons-wrapper elementor-grid\">\n\t\t\t\t\t\t\t<span class=\"elementor-grid-item\">\n\t\t\t\t\t<a class=\"elementor-icon elementor-social-icon elementor-social-icon-facebook elementor-repeater-item-e415e01\" href=\"https:\/\/www.facebook.com\/iNTANGIBLEproject.eu\" target=\"_blank\">\n\t\t\t\t\t\t<span class=\"elementor-screen-only\">Facebook<\/span>\n\t\t\t\t\t\t<i aria-hidden=\"true\" class=\"fab fa-facebook\"><\/i>\t\t\t\t\t<\/a>\n\t\t\t\t<\/span>\n\t\t\t\t\t<\/div>\n\t\t\t\t\t\t<\/div>\n\t\t\t\t<\/div>\n\t\t\t\t\t<\/div>\n\t\t<\/div>\n\t\t\t\t\t<\/div>\n\t\t<\/section>\n\t\t\t\t<section class=\"elementor-section elementor-top-section elementor-element elementor-element-cb3e0c5 elementor-section-boxed elementor-section-height-default elementor-section-height-default\" data-id=\"cb3e0c5\" data-element_type=\"section\" data-e-type=\"section\" data-settings=\"{&quot;_ha_eqh_enable&quot;:false}\">\n\t\t\t\t\t\t<div class=\"elementor-container elementor-column-gap-default\">\n\t\t\t\t\t<div class=\"elementor-column elementor-col-100 elementor-top-column elementor-element elementor-element-6ea4e1f\" data-id=\"6ea4e1f\" data-element_type=\"column\" data-e-type=\"column\">\n\t\t\t<div class=\"elementor-widget-wrap elementor-element-populated\">\n\t\t\t\t\t\t<div class=\"elementor-element elementor-element-5886d2e elementor-widget-divider--view-line elementor-widget elementor-widget-divider\" data-id=\"5886d2e\" data-element_type=\"widget\" data-e-type=\"widget\" data-widget_type=\"divider.default\">\n\t\t\t\t<div class=\"elementor-widget-container\">\n\t\t\t\t\t\t\t<div class=\"elementor-divider\">\n\t\t\t<span class=\"elementor-divider-separator\">\n\t\t\t\t\t\t<\/span>\n\t\t<\/div>\n\t\t\t\t\t\t<\/div>\n\t\t\t\t<\/div>\n\t\t\t\t\t<\/div>\n\t\t<\/div>\n\t\t\t\t\t<\/div>\n\t\t<\/section>\n\t\t\t\t<section class=\"elementor-section elementor-top-section elementor-element elementor-element-dc37698 elementor-section-boxed elementor-section-height-default elementor-section-height-default\" data-id=\"dc37698\" data-element_type=\"section\" data-e-type=\"section\" data-settings=\"{&quot;_ha_eqh_enable&quot;:false}\">\n\t\t\t\t\t\t<div class=\"elementor-container elementor-column-gap-default\">\n\t\t\t\t\t<div class=\"elementor-column elementor-col-33 elementor-top-column elementor-element elementor-element-74bd85e\" data-id=\"74bd85e\" data-element_type=\"column\" data-e-type=\"column\">\n\t\t\t<div class=\"elementor-widget-wrap elementor-element-populated\">\n\t\t\t\t\t\t<div class=\"elementor-element elementor-element-4cbf017 elementor-widget elementor-widget-text-editor\" data-id=\"4cbf017\" data-element_type=\"widget\" data-e-type=\"widget\" data-widget_type=\"text-editor.default\">\n\t\t\t\t<div class=\"elementor-widget-container\">\n\t\t\t\t\t\t\t\t\t<p>Copyright \u00a9 2022 iNTANGIBLE. All Rights Reserved<\/p>\t\t\t\t\t\t\t\t<\/div>\n\t\t\t\t<\/div>\n\t\t\t\t\t<\/div>\n\t\t<\/div>\n\t\t\t\t<div class=\"elementor-column elementor-col-33 elementor-top-column elementor-element elementor-element-c7db92d\" data-id=\"c7db92d\" data-element_type=\"column\" data-e-type=\"column\">\n\t\t\t<div class=\"elementor-widget-wrap\">\n\t\t\t\t\t\t\t<\/div>\n\t\t<\/div>\n\t\t\t\t<div class=\"elementor-column elementor-col-33 elementor-top-column elementor-element elementor-element-4ed145f\" data-id=\"4ed145f\" data-element_type=\"column\" data-e-type=\"column\">\n\t\t\t<div class=\"elementor-widget-wrap elementor-element-populated\">\n\t\t\t\t\t\t<div class=\"elementor-element elementor-element-91f8b58 elementor-widget elementor-widget-text-editor\" data-id=\"91f8b58\" data-element_type=\"widget\" data-e-type=\"widget\" data-widget_type=\"text-editor.default\">\n\t\t\t\t<div class=\"elementor-widget-container\">\n\t\t\t\t\t\t\t\t\t<p><span style=\"color: #797979; text-align: left;\">Powered by\u00a0<\/span><a style=\"color: #797979; text-align: right;\" href=\"https:\/\/innovationhive.eu\/\" target=\"_blank\" rel=\"noopener\">Innovation Hive<\/a><\/p>\t\t\t\t\t\t\t\t<\/div>\n\t\t\t\t<\/div>\n\t\t\t\t\t<\/div>\n\t\t<\/div>\n\t\t\t\t\t<\/div>\n\t\t<\/section>\n\t\t\t\t<\/div>\n\t\t","protected":false},"excerpt":{"rendered":"<p>Rezultati projekta PR1 &#8211; iNTANGIBLE ured i terenska istra\u017eivanja Prvi rezultat projekta bit \u0107e rezultat terenskog i uredskog istra\u017eivanja koje [&hellip;]<\/p>\n","protected":false},"author":1,"featured_media":0,"parent":0,"menu_order":0,"comment_status":"closed","ping_status":"closed","template":"page-templates\/template_page-builder.php","meta":{"_monsterinsights_skip_tracking":false,"_monsterinsights_sitenote_active":false,"_monsterinsights_sitenote_note":"","_monsterinsights_sitenote_category":0,"footnotes":""},"class_list":["post-1795","page","type-page","status-publish","hentry"],"aioseo_notices":[],"_links":{"self":[{"href":"https:\/\/intangible-project.eu\/index.php?rest_route=\/wp\/v2\/pages\/1795","targetHints":{"allow":["GET"]}}],"collection":[{"href":"https:\/\/intangible-project.eu\/index.php?rest_route=\/wp\/v2\/pages"}],"about":[{"href":"https:\/\/intangible-project.eu\/index.php?rest_route=\/wp\/v2\/types\/page"}],"author":[{"embeddable":true,"href":"https:\/\/intangible-project.eu\/index.php?rest_route=\/wp\/v2\/users\/1"}],"replies":[{"embeddable":true,"href":"https:\/\/intangible-project.eu\/index.php?rest_route=%2Fwp%2Fv2%2Fcomments&post=1795"}],"version-history":[{"count":16,"href":"https:\/\/intangible-project.eu\/index.php?rest_route=\/wp\/v2\/pages\/1795\/revisions"}],"predecessor-version":[{"id":2765,"href":"https:\/\/intangible-project.eu\/index.php?rest_route=\/wp\/v2\/pages\/1795\/revisions\/2765"}],"wp:attachment":[{"href":"https:\/\/intangible-project.eu\/index.php?rest_route=%2Fwp%2Fv2%2Fmedia&parent=1795"}],"curies":[{"name":"wp","href":"https:\/\/api.w.org\/{rel}","templated":true}]}}